{"id":747,"date":"2026-04-10T23:04:39","date_gmt":"2026-04-10T23:04:39","guid":{"rendered":"https:\/\/anaanpsicoterapia.es\/?page_id=747"},"modified":"2026-04-11T00:27:32","modified_gmt":"2026-04-11T00:27:32","slug":"a-quien-va-dirigido","status":"publish","type":"page","link":"https:\/\/anaanpsicoterapia.es\/en\/a-quien-va-dirigido\/","title":{"rendered":"A qui\u00e9n va dirigido"},"content":{"rendered":"<div class=\"et_pb_section_0 et_pb_section et_section_regular et_block_section preset--module--divi-section--e5684c8f-c0a7-4f75-a2c1-8be900c6d9b1\">\n<div class=\"et_pb_row_0 et_pb_row et_block_row\">\n<div class=\"et_pb_column_0 et_pb_column et_pb_column_2_3 et_block_column et_pb_css_mix_blend_mode_passthrough\">\n<div class=\"et_pb_text_0 et_pb_text et_pb_bg_layout_light et_pb_module et_flex_module preset--module--divi-text--default\"><div class=\"et_pb_text_inner\"><h1>A qui\u00e9n va dirigido<\/h1>\n<p>&nbsp;<\/p>\n<p>&nbsp;<\/p>\n<h2><span style=\"font-size: xx-large;\">Un acompa\u00f1amiento terap\u00e9utico adaptado a cada etapa y necesidad.<\/span><\/h2>\n<\/div><\/div>\n<\/div>\n\n<div class=\"et_pb_column_1 et_pb_column et_pb_column_1_3 et-last-child et_block_column et_pb_column_empty et_pb_css_mix_blend_mode_passthrough\"><\/div>\n<\/div>\n<\/div>\n\n<div class=\"et_pb_section_1 et_pb_section et_section_regular et_flex_section\">\n<div class=\"et_pb_row_1 et_pb_row et_flex_row\">\n<div class=\"et_pb_column_2 et_pb_column et-last-child et_flex_column et_pb_css_mix_blend_mode_passthrough et_flex_column_24_24 et_flex_column_24_24_tablet et_flex_column_24_24_phone\">\n<div class=\"et_pb_code_0 et_pb_code et_pb_module\"><div class=\"et_pb_code_inner\"><div class=\"anaan-dirigido-wrap\">\n\n  <div class=\"anaan-dirigido-grid\">\n    \n    <div class=\"anaan-dirigido-card\">\n      <h3>Adultos<\/h3>\n      <p>\n        Acompa\u00f1o a personas adultas que atraviesan momentos de malestar emocional,\n        ansiedad, procesos de cambio, crisis vitales o experiencias traum\u00e1ticas,\n        ofreciendo un espacio de escucha, comprensi\u00f3n y trabajo terap\u00e9utico adaptado\n        a sus necesidades.\n      <\/p>\n    <\/div>\n\n    <div class=\"anaan-dirigido-card\">\n      <h3>Adolescentes<\/h3>\n      <p>\n        Trabajo con adolescentes que pueden estar viviendo inseguridad, cambios\n        emocionales, dificultades en la autoestima, conflictos familiares, ansiedad\n        o situaciones de sufrimiento que necesitan ser comprendidas y acompa\u00f1adas\n        en un entorno seguro y respetuoso.\n      <\/p>\n    <\/div>\n\n    <div class=\"anaan-dirigido-card\">\n      <h3>Preadolescentes<\/h3>\n      <p>\n        Tambi\u00e9n acompa\u00f1o a preadolescentes en momentos de dificultad emocional o\n        relacional, adaptando el proceso terap\u00e9utico a su etapa evolutiva y\n        favoreciendo una intervenci\u00f3n cercana, sensible y adecuada a su forma de\n        expresar lo que les ocurre.\n      <\/p>\n    <\/div>\n\n  <\/div>\n\n  <div class=\"anaan-dirigido-cierre\">\n    <p>\n      El acompa\u00f1amiento terap\u00e9utico se adapta a la etapa vital y a las necesidades de cada persona,\n      ofreciendo un espacio cuidado, seguro y respetuoso.\n    <\/p>\n  <\/div>\n\n<\/div>\n<\/div><\/div>\n<\/div>\n<\/div>\n<\/div>","protected":false},"excerpt":{"rendered":"","protected":false},"author":1,"featured_media":0,"parent":0,"menu_order":0,"comment_status":"closed","ping_status":"closed","template":"","meta":{"footnotes":""},"class_list":["post-747","page","type-page","status-publish","hentry"],"yoast_head":"<!-- This site is optimized with the Yoast SEO plugin v27.3 - https:\/\/yoast.com\/product\/yoast-seo-wordpress\/ -->\n<title>A qui\u00e9n va dirigido - Ana Andr\u00e9s Psic\u00f3loga en Valladolid<\/title>\n<meta name=\"robots\" content=\"index, follow, max-snippet:-1, max-image-preview:large, max-video-preview:-1\" \/>\n<link rel=\"canonical\" href=\"https:\/\/anaanpsicoterapia.es\/en\/a-quien-va-dirigido\/\" \/>\n<meta property=\"og:locale\" content=\"en_US\" \/>\n<meta property=\"og:type\" content=\"article\" \/>\n<meta property=\"og:title\" content=\"A qui\u00e9n va dirigido - Ana Andr\u00e9s Psic\u00f3loga en Valladolid\" \/>\n<meta property=\"og:url\" content=\"https:\/\/anaanpsicoterapia.es\/en\/a-quien-va-dirigido\/\" \/>\n<meta property=\"og:site_name\" content=\"Ana Andr\u00e9s Psic\u00f3loga en Valladolid\" \/>\n<meta property=\"article:modified_time\" content=\"2026-04-11T00:27:32+00:00\" \/>\n<meta name=\"twitter:card\" content=\"summary_large_image\" \/>\n<script type=\"application\/ld+json\" class=\"yoast-schema-graph\">{\"@context\":\"https:\\\/\\\/schema.org\",\"@graph\":[{\"@type\":\"WebPage\",\"@id\":\"https:\\\/\\\/anaanpsicoterapia.es\\\/a-quien-va-dirigido\\\/\",\"url\":\"https:\\\/\\\/anaanpsicoterapia.es\\\/a-quien-va-dirigido\\\/\",\"name\":\"A qui\u00e9n va dirigido - Ana Andr\u00e9s Psic\u00f3loga en Valladolid\",\"isPartOf\":{\"@id\":\"https:\\\/\\\/anaanpsicoterapia.es\\\/#website\"},\"datePublished\":\"2026-04-10T23:04:39+00:00\",\"dateModified\":\"2026-04-11T00:27:32+00:00\",\"breadcrumb\":{\"@id\":\"https:\\\/\\\/anaanpsicoterapia.es\\\/a-quien-va-dirigido\\\/#breadcrumb\"},\"inLanguage\":\"en-US\",\"potentialAction\":[{\"@type\":\"ReadAction\",\"target\":[\"https:\\\/\\\/anaanpsicoterapia.es\\\/a-quien-va-dirigido\\\/\"]}]},{\"@type\":\"BreadcrumbList\",\"@id\":\"https:\\\/\\\/anaanpsicoterapia.es\\\/a-quien-va-dirigido\\\/#breadcrumb\",\"itemListElement\":[{\"@type\":\"ListItem\",\"position\":1,\"name\":\"Portada\",\"item\":\"https:\\\/\\\/anaanpsicoterapia.es\\\/\"},{\"@type\":\"ListItem\",\"position\":2,\"name\":\"A qui\u00e9n va dirigido\"}]},{\"@type\":\"WebSite\",\"@id\":\"https:\\\/\\\/anaanpsicoterapia.es\\\/#website\",\"url\":\"https:\\\/\\\/anaanpsicoterapia.es\\\/\",\"name\":\"Ana Andr\u00e9s Psic\u00f3loga en Valladolid\",\"description\":\"Terapia individual, de pareja y familiar. Especialista en trauma y EMDR.\",\"publisher\":{\"@id\":\"https:\\\/\\\/anaanpsicoterapia.es\\\/#organization\"},\"potentialAction\":[{\"@type\":\"SearchAction\",\"target\":{\"@type\":\"EntryPoint\",\"urlTemplate\":\"https:\\\/\\\/anaanpsicoterapia.es\\\/?s={search_term_string}\"},\"query-input\":{\"@type\":\"PropertyValueSpecification\",\"valueRequired\":true,\"valueName\":\"search_term_string\"}}],\"inLanguage\":\"en-US\"},{\"@type\":\"Organization\",\"@id\":\"https:\\\/\\\/anaanpsicoterapia.es\\\/#organization\",\"name\":\"Ana Andr\u00e9s Psic\u00f3loga en Valladolid\",\"url\":\"https:\\\/\\\/anaanpsicoterapia.es\\\/\",\"logo\":{\"@type\":\"ImageObject\",\"inLanguage\":\"en-US\",\"@id\":\"https:\\\/\\\/anaanpsicoterapia.es\\\/#\\\/schema\\\/logo\\\/image\\\/\",\"url\":\"https:\\\/\\\/anaanpsicoterapia.es\\\/wp-content\\\/uploads\\\/2026\\\/03\\\/logo_anaan_transparente-1.png\",\"contentUrl\":\"https:\\\/\\\/anaanpsicoterapia.es\\\/wp-content\\\/uploads\\\/2026\\\/03\\\/logo_anaan_transparente-1.png\",\"width\":478,\"height\":211,\"caption\":\"Ana Andr\u00e9s Psic\u00f3loga en Valladolid\"},\"image\":{\"@id\":\"https:\\\/\\\/anaanpsicoterapia.es\\\/#\\\/schema\\\/logo\\\/image\\\/\"}}]}<\/script>\n<!-- \/ Yoast SEO plugin. -->","yoast_head_json":{"title":"A qui\u00e9n va dirigido - Ana Andr\u00e9s Psic\u00f3loga en Valladolid","robots":{"index":"index","follow":"follow","max-snippet":"max-snippet:-1","max-image-preview":"max-image-preview:large","max-video-preview":"max-video-preview:-1"},"canonical":"https:\/\/anaanpsicoterapia.es\/en\/a-quien-va-dirigido\/","og_locale":"en_US","og_type":"article","og_title":"A qui\u00e9n va dirigido - Ana Andr\u00e9s Psic\u00f3loga en Valladolid","og_url":"https:\/\/anaanpsicoterapia.es\/en\/a-quien-va-dirigido\/","og_site_name":"Ana Andr\u00e9s Psic\u00f3loga en Valladolid","article_modified_time":"2026-04-11T00:27:32+00:00","twitter_card":"summary_large_image","schema":{"@context":"https:\/\/schema.org","@graph":[{"@type":"WebPage","@id":"https:\/\/anaanpsicoterapia.es\/a-quien-va-dirigido\/","url":"https:\/\/anaanpsicoterapia.es\/a-quien-va-dirigido\/","name":"A qui\u00e9n va dirigido - Ana Andr\u00e9s Psic\u00f3loga en Valladolid","isPartOf":{"@id":"https:\/\/anaanpsicoterapia.es\/#website"},"datePublished":"2026-04-10T23:04:39+00:00","dateModified":"2026-04-11T00:27:32+00:00","breadcrumb":{"@id":"https:\/\/anaanpsicoterapia.es\/a-quien-va-dirigido\/#breadcrumb"},"inLanguage":"en-US","potentialAction":[{"@type":"ReadAction","target":["https:\/\/anaanpsicoterapia.es\/a-quien-va-dirigido\/"]}]},{"@type":"BreadcrumbList","@id":"https:\/\/anaanpsicoterapia.es\/a-quien-va-dirigido\/#breadcrumb","itemListElement":[{"@type":"ListItem","position":1,"name":"Portada","item":"https:\/\/anaanpsicoterapia.es\/"},{"@type":"ListItem","position":2,"name":"A qui\u00e9n va dirigido"}]},{"@type":"WebSite","@id":"https:\/\/anaanpsicoterapia.es\/#website","url":"https:\/\/anaanpsicoterapia.es\/","name":"Ana Andr\u00e9s Psic\u00f3loga en Valladolid","description":"Terapia individual, de pareja y familiar. Especialista en trauma y EMDR.","publisher":{"@id":"https:\/\/anaanpsicoterapia.es\/#organization"},"potentialAction":[{"@type":"SearchAction","target":{"@type":"EntryPoint","urlTemplate":"https:\/\/anaanpsicoterapia.es\/?s={search_term_string}"},"query-input":{"@type":"PropertyValueSpecification","valueRequired":true,"valueName":"search_term_string"}}],"inLanguage":"en-US"},{"@type":"Organization","@id":"https:\/\/anaanpsicoterapia.es\/#organization","name":"Ana Andr\u00e9s Psic\u00f3loga en Valladolid","url":"https:\/\/anaanpsicoterapia.es\/","logo":{"@type":"ImageObject","inLanguage":"en-US","@id":"https:\/\/anaanpsicoterapia.es\/#\/schema\/logo\/image\/","url":"https:\/\/anaanpsicoterapia.es\/wp-content\/uploads\/2026\/03\/logo_anaan_transparente-1.png","contentUrl":"https:\/\/anaanpsicoterapia.es\/wp-content\/uploads\/2026\/03\/logo_anaan_transparente-1.png","width":478,"height":211,"caption":"Ana Andr\u00e9s Psic\u00f3loga en Valladolid"},"image":{"@id":"https:\/\/anaanpsicoterapia.es\/#\/schema\/logo\/image\/"}}]}},"_links":{"self":[{"href":"https:\/\/anaanpsicoterapia.es\/en\/wp-json\/wp\/v2\/pages\/747","targetHints":{"allow":["GET"]}}],"collection":[{"href":"https:\/\/anaanpsicoterapia.es\/en\/wp-json\/wp\/v2\/pages"}],"about":[{"href":"https:\/\/anaanpsicoterapia.es\/en\/wp-json\/wp\/v2\/types\/page"}],"author":[{"embeddable":true,"href":"https:\/\/anaanpsicoterapia.es\/en\/wp-json\/wp\/v2\/users\/1"}],"replies":[{"embeddable":true,"href":"https:\/\/anaanpsicoterapia.es\/en\/wp-json\/wp\/v2\/comments?post=747"}],"version-history":[{"count":8,"href":"https:\/\/anaanpsicoterapia.es\/en\/wp-json\/wp\/v2\/pages\/747\/revisions"}],"predecessor-version":[{"id":778,"href":"https:\/\/anaanpsicoterapia.es\/en\/wp-json\/wp\/v2\/pages\/747\/revisions\/778"}],"wp:attachment":[{"href":"https:\/\/anaanpsicoterapia.es\/en\/wp-json\/wp\/v2\/media?parent=747"}],"curies":[{"name":"wp","href":"https:\/\/api.w.org\/{rel}","templated":true}]}}