{"id":572,"date":"2026-03-11T01:08:24","date_gmt":"2026-03-11T01:08:24","guid":{"rendered":"https:\/\/anaanpsicoterapia.es\/?page_id=572"},"modified":"2026-04-11T00:28:22","modified_gmt":"2026-04-11T00:28:22","slug":"about","status":"publish","type":"page","link":"https:\/\/anaanpsicoterapia.es\/en\/about\/","title":{"rendered":"Sobre mi"},"content":{"rendered":"<div class=\"et_pb_section_0 et_pb_section et_section_regular et_block_section preset--module--divi-section--e5684c8f-c0a7-4f75-a2c1-8be900c6d9b1\">\n<div class=\"et_pb_row_0 et_pb_row et_flex_row\">\n<div class=\"et_pb_column_0 et_pb_column et_flex_column et_pb_css_mix_blend_mode_passthrough et_flex_column_3_5 et_flex_column_3_5_tablet et_flex_column_24_24_phone\">\n<div class=\"et_pb_heading_0 et_pb_heading et_pb_module et_block_module preset--module--divi-heading--34c570fb-7fed-47db-a7c5-2e992076455f\"><div class=\"et_pb_heading_container\"><h1 class=\"et_pb_module_header\">Trayectoria profesional<\/h1><\/div><\/div>\n\n<div class=\"et_pb_text_0 et_pb_text et_pb_bg_layout_light et_pb_module et_block_module preset--module--divi-text--9da4c39e-7749-4c95-982b-6892ba6d2d68\"><div class=\"et_pb_text_inner\"><p>Acerca de la profesional<\/p>\n<\/div><\/div>\n<\/div>\n\n<div class=\"et_pb_column_1 et_pb_column et-last-child et_flex_column et_pb_column_empty et_pb_css_mix_blend_mode_passthrough et_flex_column_2_5 et_flex_column_2_5_tablet et_flex_column_24_24_phone\"><\/div>\n<\/div>\n<\/div>\n\n<div class=\"et_pb_section_1 et_pb_section et_section_regular et_flex_section\">\n<div class=\"et_pb_row_1 et_pb_row et_flex_row\">\n<div class=\"et_pb_column_2 et_pb_column et-last-child et_flex_column et_pb_css_mix_blend_mode_passthrough et_flex_column_24_24 et_flex_column_24_24_tablet et_flex_column_24_24_phone\">\n<div class=\"et_pb_text_1 et_pb_text et_pb_bg_layout_light et_pb_module et_flex_module preset--module--divi-text--default\"><div class=\"et_pb_text_inner\"><div class=\"ana-about-literal-wrap\">\n<h2><\/h2>\n<div class=\"ana-about-literal-box\">\n<p><strong>Licenciada en Psicolog\u00eda <\/strong>por la Universidad de Salamanca en el 2003<strong>.<\/strong> Continu\u00e9 mi formaci\u00f3n durante dos cursos acad\u00e9micos realizando el <strong>M\u00e1ster de Intervenciones en Psicoterapia Sist\u00e9mica<\/strong> en la misma Universidad, especializ\u00e1ndome en Terapia Individual, Familiar, de Pareja y Sexual<\/p>\n<p><span style=\"font-size: large;\"><strong>\u00bfPor qu\u00e9 eleg\u00ed una Orientaci\u00f3n Sist\u00e9mica?<\/strong><\/span><\/p>\n<p><span class=\"ana-hand\">Me encandil\u00f3 el concepto de que un peque\u00f1o cambio en el sistema puede provocar un cambio absoluto en una persona, incluso en una familia.<\/span><\/p>\n<p>Parec\u00eda magia\u2026 Y lo viv\u00ed en directo observando tras el espejo unidireccional, c\u00f3mo grandes especialistas ayudaban a esas personas a dar grandes giros en sus vidas\u2026 Yo tambi\u00e9n fui protagonista de ello. No era magia\u2026 hay un gran trabajo detr\u00e1s, del cliente y del profesional\u2026 que conducen a que ese principio se haga realidad<\/p>\n<p>El inter\u00e9s personal por poder prestar cada vez una ayuda de calidad, me llev\u00f3 a continuar form\u00e1ndome a trav\u00e9s de congresos, cursos\u2026 Como destacable soy<strong> Experta en Transculturalidad y Salud Mental<\/strong> Al mismo tiempo q. que yo me formo tambi\u00e9n comparto mis conocimientos y experiencias a trav\u00e9s de charlas, ponencias y cursos.<\/p>\n<p>La complejidad del ser humano, sus grandes capacidades, su resiliencia, es decir, su capacidad para superarse y resurgir de sus cenizas\u2026 Eran aspectos de la psicolog\u00eda que me atra\u00edan fuertemente\u2026 Y fui afortunada al cultivar una experiencia profesional de 8 a\u00f1os trabajando con personas en riesgo de exclusi\u00f3n social, personas multitraumatizadas en la mayor\u00eda de los casos como v\u00edctimas de violencia, abusos sexuales, menores no acompa\u00f1ados, violaciones, trata de blancas\u2026; enriquecieron mi experiencia profesional .<\/p>\n<p>En este contexto entend\u00ed que necesitaba seguir form\u00e1ndome en c\u00f3mo abordar el trauma de forma profunda, para poder ofrecer una ayuda m\u00e1s eficaz. Y as\u00ed, comenc\u00e9 mi formaci\u00f3n en <strong>EMDR adquiriendo el Nivel II<\/strong> y posteriormente realic\u00e9 la Formaci\u00f3n Avanzada en temas como Disociaci\u00f3n, Trastornos de Alimentaci\u00f3n, Dependencia Emocional, entre otros \u2026<\/p>\n<p>Las decisiones en Mi vida personal y profesional me llevaron a trabajar desde 2014 en la Cl\u00ednica Privada donde no deja de sorprenderme gratamente la capacidad de las personas para lograr cambios dr\u00e1sticos en sus vidas, cambios deseados y que con ayuda por fin llegan a lograrlos. Comenc\u00e9 trabajando en la ciudad de Almer\u00eda en un Centro M\u00e9dico.<\/p>\n<p>De nuevo, las decisiones de mi vida personal me llevaron a trasladarme a Valladolid, mi ciudad natal. Como antes de trasladarme ya trabajaba con personas de distintos lugares de Espa\u00f1a y residentes en otros pa\u00edses a trav\u00e9s de videoconferencia, eso facilit\u00f3 poder continuar con la relaci\u00f3n terap\u00e9utica de las personas que as\u00ed lo desearon, y en general, poder eliminar las distancias f\u00edsicas y contactar desde cualquier lugar del mundo.<\/p>\n<p>Mi curiosidad infinita y mi inter\u00e9s por conocer formas y adquirir conocimientos y experiencias para poder acompa\u00f1ar en su tr\u00e1nsito a las personas, me llev\u00f3 a mi formaci\u00f3n en <strong>Somatic Experiencing<\/strong>, despu\u00e9s de haber experimentado personalmente los maravillosos cambios que pueden conseguirse y la sanaci\u00f3n de heridas profundas que interfieren en nuestro presente. Y en este camino estoy, ampliando siempre los conocimientos y las perspectivas que me permitan ver la realidad de las personas desde una visi\u00f3n m\u00e1s amplia y as\u00ed poder adaptarme a las necesidades de cada una\u2026 Experimentando personalmente distintos enfoques terap\u00e9uticos: Sist\u00e9mico, EMDR, Somatic, Hipnosis, as\u00ed como pr\u00e1cticas enfocadas en la salud y el bienestar como yoga, meditaci\u00f3n, chi-kung, biodanza, y otras pr\u00e1cticas de movimiento energ\u00e9tico para complementar el camino hacia una mayor calidad de vida y encontrar el sentido de la misma<\/p>\n<p>Desde esa convicci\u00f3n profunda que la vida es un constante cambio y por tanto un constante aprendizaje, y entendiendo que en eso consiste nuestra misi\u00f3n de vida\u2026 aprender y sanar.<\/p>\n<p class=\"ana-final-line\"><span class=\"ana-hand\">Me gusta la palabra Crisis porque significa Oportunidad<\/span><\/p>\n<\/div>\n<\/div>\n<\/div><\/div>\n<\/div>\n<\/div>\n<\/div>","protected":false},"excerpt":{"rendered":"","protected":false},"author":1,"featured_media":0,"parent":0,"menu_order":0,"comment_status":"closed","ping_status":"closed","template":"","meta":{"footnotes":""},"class_list":["post-572","page","type-page","status-publish","hentry"],"yoast_head":"<!-- This site is optimized with the Yoast SEO plugin v27.3 - https:\/\/yoast.com\/product\/yoast-seo-wordpress\/ -->\n<title>Sobre mi - Ana Andr\u00e9s Psic\u00f3loga en Valladolid<\/title>\n<meta name=\"robots\" content=\"index, follow, max-snippet:-1, max-image-preview:large, max-video-preview:-1\" \/>\n<link rel=\"canonical\" href=\"https:\/\/anaanpsicoterapia.es\/en\/about\/\" \/>\n<meta property=\"og:locale\" content=\"en_US\" \/>\n<meta property=\"og:type\" content=\"article\" \/>\n<meta property=\"og:title\" content=\"Sobre mi - Ana Andr\u00e9s Psic\u00f3loga en Valladolid\" \/>\n<meta property=\"og:url\" content=\"https:\/\/anaanpsicoterapia.es\/en\/about\/\" \/>\n<meta property=\"og:site_name\" content=\"Ana Andr\u00e9s Psic\u00f3loga en Valladolid\" \/>\n<meta property=\"article:modified_time\" content=\"2026-04-11T00:28:22+00:00\" \/>\n<meta name=\"twitter:card\" content=\"summary_large_image\" \/>\n<script type=\"application\/ld+json\" class=\"yoast-schema-graph\">{\"@context\":\"https:\\\/\\\/schema.org\",\"@graph\":[{\"@type\":\"WebPage\",\"@id\":\"https:\\\/\\\/anaanpsicoterapia.es\\\/about\\\/\",\"url\":\"https:\\\/\\\/anaanpsicoterapia.es\\\/about\\\/\",\"name\":\"Sobre mi - Ana Andr\u00e9s Psic\u00f3loga en Valladolid\",\"isPartOf\":{\"@id\":\"https:\\\/\\\/anaanpsicoterapia.es\\\/#website\"},\"datePublished\":\"2026-03-11T01:08:24+00:00\",\"dateModified\":\"2026-04-11T00:28:22+00:00\",\"breadcrumb\":{\"@id\":\"https:\\\/\\\/anaanpsicoterapia.es\\\/about\\\/#breadcrumb\"},\"inLanguage\":\"en-US\",\"potentialAction\":[{\"@type\":\"ReadAction\",\"target\":[\"https:\\\/\\\/anaanpsicoterapia.es\\\/about\\\/\"]}]},{\"@type\":\"BreadcrumbList\",\"@id\":\"https:\\\/\\\/anaanpsicoterapia.es\\\/about\\\/#breadcrumb\",\"itemListElement\":[{\"@type\":\"ListItem\",\"position\":1,\"name\":\"Portada\",\"item\":\"https:\\\/\\\/anaanpsicoterapia.es\\\/\"},{\"@type\":\"ListItem\",\"position\":2,\"name\":\"Sobre mi\"}]},{\"@type\":\"WebSite\",\"@id\":\"https:\\\/\\\/anaanpsicoterapia.es\\\/#website\",\"url\":\"https:\\\/\\\/anaanpsicoterapia.es\\\/\",\"name\":\"Ana Andr\u00e9s Psic\u00f3loga en Valladolid\",\"description\":\"Terapia individual, de pareja y familiar. Especialista en trauma y EMDR.\",\"publisher\":{\"@id\":\"https:\\\/\\\/anaanpsicoterapia.es\\\/#organization\"},\"potentialAction\":[{\"@type\":\"SearchAction\",\"target\":{\"@type\":\"EntryPoint\",\"urlTemplate\":\"https:\\\/\\\/anaanpsicoterapia.es\\\/?s={search_term_string}\"},\"query-input\":{\"@type\":\"PropertyValueSpecification\",\"valueRequired\":true,\"valueName\":\"search_term_string\"}}],\"inLanguage\":\"en-US\"},{\"@type\":\"Organization\",\"@id\":\"https:\\\/\\\/anaanpsicoterapia.es\\\/#organization\",\"name\":\"Ana Andr\u00e9s Psic\u00f3loga en Valladolid\",\"url\":\"https:\\\/\\\/anaanpsicoterapia.es\\\/\",\"logo\":{\"@type\":\"ImageObject\",\"inLanguage\":\"en-US\",\"@id\":\"https:\\\/\\\/anaanpsicoterapia.es\\\/#\\\/schema\\\/logo\\\/image\\\/\",\"url\":\"https:\\\/\\\/anaanpsicoterapia.es\\\/wp-content\\\/uploads\\\/2026\\\/03\\\/logo_anaan_transparente-1.png\",\"contentUrl\":\"https:\\\/\\\/anaanpsicoterapia.es\\\/wp-content\\\/uploads\\\/2026\\\/03\\\/logo_anaan_transparente-1.png\",\"width\":478,\"height\":211,\"caption\":\"Ana Andr\u00e9s Psic\u00f3loga en Valladolid\"},\"image\":{\"@id\":\"https:\\\/\\\/anaanpsicoterapia.es\\\/#\\\/schema\\\/logo\\\/image\\\/\"}}]}<\/script>\n<!-- \/ Yoast SEO plugin. -->","yoast_head_json":{"title":"Sobre mi - Ana Andr\u00e9s Psic\u00f3loga en Valladolid","robots":{"index":"index","follow":"follow","max-snippet":"max-snippet:-1","max-image-preview":"max-image-preview:large","max-video-preview":"max-video-preview:-1"},"canonical":"https:\/\/anaanpsicoterapia.es\/en\/about\/","og_locale":"en_US","og_type":"article","og_title":"Sobre mi - Ana Andr\u00e9s Psic\u00f3loga en Valladolid","og_url":"https:\/\/anaanpsicoterapia.es\/en\/about\/","og_site_name":"Ana Andr\u00e9s Psic\u00f3loga en Valladolid","article_modified_time":"2026-04-11T00:28:22+00:00","twitter_card":"summary_large_image","schema":{"@context":"https:\/\/schema.org","@graph":[{"@type":"WebPage","@id":"https:\/\/anaanpsicoterapia.es\/about\/","url":"https:\/\/anaanpsicoterapia.es\/about\/","name":"Sobre mi - Ana Andr\u00e9s Psic\u00f3loga en Valladolid","isPartOf":{"@id":"https:\/\/anaanpsicoterapia.es\/#website"},"datePublished":"2026-03-11T01:08:24+00:00","dateModified":"2026-04-11T00:28:22+00:00","breadcrumb":{"@id":"https:\/\/anaanpsicoterapia.es\/about\/#breadcrumb"},"inLanguage":"en-US","potentialAction":[{"@type":"ReadAction","target":["https:\/\/anaanpsicoterapia.es\/about\/"]}]},{"@type":"BreadcrumbList","@id":"https:\/\/anaanpsicoterapia.es\/about\/#breadcrumb","itemListElement":[{"@type":"ListItem","position":1,"name":"Portada","item":"https:\/\/anaanpsicoterapia.es\/"},{"@type":"ListItem","position":2,"name":"Sobre mi"}]},{"@type":"WebSite","@id":"https:\/\/anaanpsicoterapia.es\/#website","url":"https:\/\/anaanpsicoterapia.es\/","name":"Ana Andr\u00e9s Psic\u00f3loga en Valladolid","description":"Terapia individual, de pareja y familiar. Especialista en trauma y EMDR.","publisher":{"@id":"https:\/\/anaanpsicoterapia.es\/#organization"},"potentialAction":[{"@type":"SearchAction","target":{"@type":"EntryPoint","urlTemplate":"https:\/\/anaanpsicoterapia.es\/?s={search_term_string}"},"query-input":{"@type":"PropertyValueSpecification","valueRequired":true,"valueName":"search_term_string"}}],"inLanguage":"en-US"},{"@type":"Organization","@id":"https:\/\/anaanpsicoterapia.es\/#organization","name":"Ana Andr\u00e9s Psic\u00f3loga en Valladolid","url":"https:\/\/anaanpsicoterapia.es\/","logo":{"@type":"ImageObject","inLanguage":"en-US","@id":"https:\/\/anaanpsicoterapia.es\/#\/schema\/logo\/image\/","url":"https:\/\/anaanpsicoterapia.es\/wp-content\/uploads\/2026\/03\/logo_anaan_transparente-1.png","contentUrl":"https:\/\/anaanpsicoterapia.es\/wp-content\/uploads\/2026\/03\/logo_anaan_transparente-1.png","width":478,"height":211,"caption":"Ana Andr\u00e9s Psic\u00f3loga en Valladolid"},"image":{"@id":"https:\/\/anaanpsicoterapia.es\/#\/schema\/logo\/image\/"}}]}},"_links":{"self":[{"href":"https:\/\/anaanpsicoterapia.es\/en\/wp-json\/wp\/v2\/pages\/572","targetHints":{"allow":["GET"]}}],"collection":[{"href":"https:\/\/anaanpsicoterapia.es\/en\/wp-json\/wp\/v2\/pages"}],"about":[{"href":"https:\/\/anaanpsicoterapia.es\/en\/wp-json\/wp\/v2\/types\/page"}],"author":[{"embeddable":true,"href":"https:\/\/anaanpsicoterapia.es\/en\/wp-json\/wp\/v2\/users\/1"}],"replies":[{"embeddable":true,"href":"https:\/\/anaanpsicoterapia.es\/en\/wp-json\/wp\/v2\/comments?post=572"}],"version-history":[{"count":5,"href":"https:\/\/anaanpsicoterapia.es\/en\/wp-json\/wp\/v2\/pages\/572\/revisions"}],"predecessor-version":[{"id":775,"href":"https:\/\/anaanpsicoterapia.es\/en\/wp-json\/wp\/v2\/pages\/572\/revisions\/775"}],"wp:attachment":[{"href":"https:\/\/anaanpsicoterapia.es\/en\/wp-json\/wp\/v2\/media?parent=572"}],"curies":[{"name":"wp","href":"https:\/\/api.w.org\/{rel}","templated":true}]}}