{"id":570,"date":"2026-03-11T01:08:24","date_gmt":"2026-03-11T01:08:24","guid":{"rendered":"https:\/\/anaanpsicoterapia.es\/?page_id=570"},"modified":"2026-04-10T23:58:13","modified_gmt":"2026-04-10T23:58:13","slug":"home","status":"publish","type":"page","link":"https:\/\/anaanpsicoterapia.es\/en\/","title":{"rendered":"Inicio"},"content":{"rendered":"<div class=\"et_pb_section_0 et_pb_section et_section_regular et_block_section preset--module--divi-section--e5684c8f-c0a7-4f75-a2c1-8be900c6d9b1\">\n<div class=\"et_pb_row_0 et_pb_row et_block_row\">\n<div class=\"et_pb_column_0 et_pb_column et_pb_column_1_2 et_block_column et_pb_css_mix_blend_mode_passthrough\">\n<div class=\"et_pb_heading_0 et_pb_heading et_pb_module et_block_module preset--module--divi-heading--34c570fb-7fed-47db-a7c5-2e992076455f\"><div class=\"et_pb_heading_container\"><h1 class=\"et_pb_module_header\">Ana Andr\u00e9s\r\nPsicoterapia en Valladolid<\/h1><\/div><\/div>\n<\/div>\n\n<div class=\"et_pb_column_1 et_pb_column et_pb_column_1_2 et-last-child et_block_column et_pb_column_empty et_pb_css_mix_blend_mode_passthrough\"><\/div>\n<\/div>\n\n<div class=\"et_pb_row_1 et_pb_row et_block_row\">\n<div class=\"et_pb_column_2 et_pb_column et_pb_column_1_2 et_block_column et_pb_css_mix_blend_mode_passthrough\">\n<div class=\"et_pb_text_0 et_pb_text et_pb_bg_layout_light et_pb_module et_block_module preset--module--divi-text--9da4c39e-7749-4c95-982b-6892ba6d2d68\"><div class=\"et_pb_text_inner\"><p>Terapia individual, familiar y de pareja.<br \/>Enfoque sist\u00e9mico, EMDR y Somatic Experiencing.<\/p>\n<\/div><\/div>\n<\/div>\n\n<div class=\"et_pb_column_3 et_pb_column et_pb_column_1_2 et-last-child et_block_column et_pb_css_mix_blend_mode_passthrough preset--module--divi-column--4c1e85e6-9a6a-4ffb-9277-136cf120df38\">\n<div class=\"et_pb_heading_1 et_pb_heading et_pb_module et_block_module preset--module--divi-heading--default\"><div class=\"et_pb_heading_container\"><h2 class=\"et_pb_module_header\">Un espacio seguro\r\npara comprenderte\r\ny cuidarte<\/h2><\/div><\/div>\n\n<div class=\"et_pb_text_1 et_pb_text et_pb_bg_layout_light et_pb_module et_block_module preset--module--divi-text--default\"><div class=\"et_pb_text_inner\"><p>Acompa\u00f1amiento terap\u00e9utico para abordar el malestar emocional, mejorar la calidad de vida y favorecer un mayor bienestar personal y relacional.<\/p>\n<\/div><\/div>\n<\/div>\n<\/div>\n<\/div>\n\n<div class=\"et_pb_section_1 et_pb_section et_section_regular et_flex_section\">\n<div class=\"et_pb_row_2 et_pb_row et_flex_row\">\n<div class=\"et_pb_column_4 et_pb_column et-last-child et_flex_column et_pb_css_mix_blend_mode_passthrough et_flex_column_24_24 et_flex_column_24_24_tablet et_flex_column_24_24_phone\">\n<div class=\"et_pb_text_2 et_pb_text et_pb_bg_layout_light et_pb_module et_flex_module preset--module--divi-text--default\"><div class=\"et_pb_text_inner\"><h2>Si est\u00e1s leyendo esta p\u00e1gina, ya has dado el primer paso<\/h2>\n<h2>para coger las riendas de tu vida ...<\/h2>\n<\/div><\/div>\n<\/div>\n<\/div>\n<\/div>\n\n<div class=\"et_pb_section_2 et_pb_section et_section_regular et_flex_section\">\n<div class=\"et_pb_row_3 et_pb_row et_flex_row\">\n<div class=\"et_pb_column_5 et_pb_column et_flex_column et_pb_css_mix_blend_mode_passthrough et_flex_column_12_24 et_flex_column_24_24_tablet et_flex_column_24_24_phone\">\n<div class=\"et_pb_image_0 et_pb_image et_pb_module et_flex_module preset--module--divi-image--default\"><span class=\"et_pb_image_wrap\"><img loading=\"lazy\" decoding=\"async\" src=\"https:\/\/anaanpsicoterapia.es\/wp-content\/uploads\/2026\/03\/ChatGPT-Image-12-mar-2026-01_47_15-e1773276668636.png\" title=\"mariposa\" width=\"364\" height=\"305\" srcset=\"https:\/\/anaanpsicoterapia.es\/wp-content\/uploads\/2026\/03\/ChatGPT-Image-12-mar-2026-01_47_15-e1773276668636.png 364w\" sizes=\"(min-width: 0px) and (max-width: 364px) 364px, 100vw\" class=\"wp-image-623\" \/><\/span><\/div>\n\n<div class=\"et_pb_text_3 et_pb_text et_pb_bg_layout_light et_pb_module et_flex_module preset--module--divi-text--default\"><div class=\"et_pb_text_inner\"><h3>Si te encuentras leyendo esta p\u00e1gina...<\/h3>\n<\/div><\/div>\n\n<div class=\"et_pb_text_4 et_pb_text et_pb_bg_layout_light et_pb_module et_flex_module preset--module--divi-text--default\"><div class=\"et_pb_text_inner\"><p>Si te encuentras leyendo esta p\u00e1gina, significa que est\u00e1s dando el primer paso para salir de la situaci\u00f3n que te causa malestar.<\/p>\n<p>Puede que hayas intentado resolverlo por tu cuenta de innumerables formas, de mantenerlo en secreto tanto tiempo o despu\u00e9s de haber buscado ayuda en personas cercanas sin sentirte realmente comprendid@.<\/p>\n<p>Incluso puede que hayas acudido a otros profesionales, o al uso de la medicaci\u00f3n, pero nada de eso ha dado resultado, o al menos no el resultado esperado.<\/p>\n<p>O igual t\u00fa no estabas tan convencid@, o no veas tan claro el problema en tu vida, o en tu familia o en tu pareja\u2026 pero te han insistido tanto, que empiezas a dudar que igual hay algo de raz\u00f3n, y que s\u00ed es posible mejorar tu calidad de vida.<\/p>\n<p><strong>Enhorabuena en los dos casos por no tirar la toalla, ni resignarte al malestar o a no conseguir lo que quieres.<\/strong><\/p>\n<\/div><\/div>\n<\/div>\n\n<div class=\"et_pb_column_6 et_pb_column et_flex_column et_pb_css_mix_blend_mode_passthrough et_flex_column_6_24 et_flex_column_12_24_tablet et_flex_column_24_24_phone\">\n<div class=\"et_pb_image_1 et_pb_image et_pb_module et_flex_module preset--module--divi-image--default\"><span class=\"et_pb_image_wrap\"><img loading=\"lazy\" decoding=\"async\" src=\"https:\/\/anaanpsicoterapia.es\/wp-content\/uploads\/2026\/04\/consulta-scaled.jpg\" title=\"consulta\" width=\"1439\" height=\"2560\" srcset=\"https:\/\/anaanpsicoterapia.es\/wp-content\/uploads\/2026\/04\/consulta-scaled.jpg 1439w, https:\/\/anaanpsicoterapia.es\/wp-content\/uploads\/2026\/04\/consulta-1280x2277.jpg 1280w, https:\/\/anaanpsicoterapia.es\/wp-content\/uploads\/2026\/04\/consulta-980x1743.jpg 980w, https:\/\/anaanpsicoterapia.es\/wp-content\/uploads\/2026\/04\/consulta-480x854.jpg 480w\" sizes=\"(min-width: 0px) and (max-width: 480px) 480px, (min-width: 481px) and (max-width: 980px) 980px, (min-width: 981px) and (max-width: 1280px) 1280px, (min-width: 1281px) 1439px, 100vw\" class=\"wp-image-741\" \/><\/span><\/div>\n<\/div>\n\n<div class=\"et_pb_column_7 et_pb_column et-last-child et_flex_column et_pb_css_mix_blend_mode_passthrough et_flex_column_6_24 et_flex_column_12_24_tablet et_flex_column_24_24_phone\">\n<div class=\"et_pb_image_2 et_pb_image et_pb_module et_flex_module preset--module--divi-image--default\"><span class=\"et_pb_image_wrap\"><img loading=\"lazy\" decoding=\"async\" src=\"https:\/\/anaanpsicoterapia.es\/wp-content\/uploads\/2026\/03\/ChatGPT-Image-12-mar-2026-01_47_15-1-e1773276717478.png\" title=\"manos\" width=\"376\" height=\"338\" srcset=\"https:\/\/anaanpsicoterapia.es\/wp-content\/uploads\/2026\/03\/ChatGPT-Image-12-mar-2026-01_47_15-1-e1773276717478.png 376w\" sizes=\"(min-width: 0px) and (max-width: 376px) 376px, 100vw\" class=\"wp-image-624\" \/><\/span><\/div>\n\n<div class=\"et_pb_text_5 et_pb_text et_pb_bg_layout_light et_pb_module et_flex_module preset--module--divi-text--default\"><div class=\"et_pb_text_inner\"><h3>Mi labor<\/h3>\n<\/div><\/div>\n\n<div class=\"et_pb_text_6 et_pb_text et_pb_bg_layout_light et_pb_module et_flex_module preset--module--divi-text--default\"><div class=\"et_pb_text_inner\"><p>Todos desempe\u00f1amos distintos papeles en nuestra vida diaria: como persona, madre, trabajadora, hija, abuela, hermana, esposa, amiga\u2026 y en cada uno de ellos tenemos que llevar a cabo unas tareas y superar diversos obst\u00e1culos.<\/p>\n<p>Es l\u00f3gico que podamos tener dificultades en cualquiera de estos \u00e1mbitos, y hay dificultades que afectan a todos ellos.<\/p>\n<p>Mi labor consiste en ayudarte a resolver aquello que te causa malestar. Para ello utilizaremos las t\u00e9cnicas y estrategias m\u00e1s adecuadas adaptadas a tus necesidades.<\/p>\n<\/div><\/div>\n<\/div>\n<\/div>\n\n<div class=\"et_pb_row_4 et_pb_row et_flex_row\">\n<div class=\"et_pb_column_8 et_pb_column et-last-child et_flex_column et_pb_css_mix_blend_mode_passthrough et_flex_column_24_24 et_flex_column_24_24_tablet et_flex_column_24_24_phone\">\n<div class=\"et_pb_text_7 et_pb_text et_pb_bg_layout_light et_pb_module et_flex_module preset--module--divi-text--default\" id=\"anaan-home-quote\"><div class=\"et_pb_text_inner\"><blockquote class=\"anaan-home-quote\"><p>\u201cHay un rinc\u00f3n en el universo que puedes cambiar, y ese rinc\u00f3n eres t\u00fa\u201d.<\/p>\n<p><cite>\u2014 Aldous Huxley<\/cite><\/p><\/blockquote>\n<\/div><\/div>\n<\/div>\n<\/div>\n<\/div>\n\n<div class=\"et_pb_section_3 et_pb_section et_section_regular et_flex_section\">\n<div class=\"et_pb_row_5 et_pb_row et_flex_row\">\n<div class=\"et_pb_column_9 et_pb_column et_flex_column et_pb_css_mix_blend_mode_passthrough et_flex_column_16_24 et_flex_column_16_24_tablet et_flex_column_24_24_phone\">\n<div class=\"et_pb_text_8 et_pb_text et_pb_bg_layout_light et_pb_module et_flex_module preset--module--divi-text--default\"><div class=\"et_pb_text_inner\"><h2>\u00bfQu\u00e9 supone ir al psic\u00f3log@?<\/h2>\n<\/div><\/div>\n\n<div class=\"et_pb_text_9 et_pb_text et_pb_bg_layout_light et_pb_module et_flex_module preset--module--divi-text--default\"><div class=\"et_pb_text_inner\"><p>Para empezar\u2026 no est\u00e1s loc@. Ni eres d\u00e9bil. Ni tu problema es un problema sin soluci\u00f3n. Ni vas a gastarte el dinero s\u00f3lo en que te escuchen como hacen los curas, o los camareros\u2026 Ni tu relaci\u00f3n de pareja est\u00e1 perdida\u2026 Ni la Psicolog\u00eda es una cuesti\u00f3n de fe en la que se cree o no se cree.<\/p>\n<p>Existen a\u00fan demasiados mitos acerca de ir al psic\u00f3log@\u2026 Menos mal que las personas que se han involucrado en este proceso, a pesar de estar influenciadas en mayor o menor medida por estas creencias, han descubierto lo importante y maravilloso que es poder trabajar para autocuidarse, para soltar, para romper patrones, para sentirse m\u00e1s libres y reguladas\u2026 en muchos casos, para comprender aquello que nunca entendieron y para dejar de sentirse \u201cbichos raros\u201d o \u201cno merecedor@s\u201d.<\/p>\n<p>Venir a terapia conmigo supone que trabajaremos junt@s para conseguir los objetivos que propongas. Supondr\u00e1 mejorar tu calidad de vida, la de tu pareja, la de tu familia y la de los seres con los que existen lazos de vinculaci\u00f3n\u2026 ya sea porque se trate de un problema personal, familiar o de pareja.<\/p>\n<\/div><\/div>\n<\/div>\n\n<div class=\"et_pb_column_10 et_pb_column et-last-child et_flex_column et_pb_css_mix_blend_mode_passthrough et_flex_column_8_24 et_flex_column_8_24_tablet et_flex_column_24_24_phone\">\n<div class=\"et_pb_image_3 et_pb_image et_pb_module et_flex_module preset--module--divi-image--default\"><span class=\"et_pb_image_wrap\"><img loading=\"lazy\" decoding=\"async\" src=\"https:\/\/anaanpsicoterapia.es\/wp-content\/uploads\/2026\/03\/margarita.png\" title=\"margarita\" width=\"1024\" height=\"1536\" srcset=\"https:\/\/anaanpsicoterapia.es\/wp-content\/uploads\/2026\/03\/margarita.png 1024w, https:\/\/anaanpsicoterapia.es\/wp-content\/uploads\/2026\/03\/margarita-980x1470.png 980w, https:\/\/anaanpsicoterapia.es\/wp-content\/uploads\/2026\/03\/margarita-480x720.png 480w\" sizes=\"(min-width: 0px) and (max-width: 480px) 480px, (min-width: 481px) and (max-width: 980px) 980px, (min-width: 981px) 1024px, 100vw\" class=\"wp-image-630\" \/><\/span><\/div>\n<\/div>\n<\/div>\n<\/div>\n\n<div class=\"et_pb_section_4 et_pb_section et_section_regular et_flex_section\">\n<div class=\"et_pb_row_6 et_pb_row et_flex_row\">\n<div class=\"et_pb_column_11 et_pb_column et_flex_column et_pb_css_mix_blend_mode_passthrough et_flex_column_6_24 et_flex_column_6_24_tablet et_flex_column_24_24_phone\">\n<div class=\"et_pb_image_4 et_pb_image et_pb_module et_flex_module preset--module--divi-image--default\"><span class=\"et_pb_image_wrap\"><img loading=\"lazy\" decoding=\"async\" src=\"https:\/\/anaanpsicoterapia.es\/wp-content\/uploads\/2026\/03\/cuaderno.png\" title=\"cuaderno\" width=\"1024\" height=\"1536\" srcset=\"https:\/\/anaanpsicoterapia.es\/wp-content\/uploads\/2026\/03\/cuaderno.png 1024w, https:\/\/anaanpsicoterapia.es\/wp-content\/uploads\/2026\/03\/cuaderno-980x1470.png 980w, https:\/\/anaanpsicoterapia.es\/wp-content\/uploads\/2026\/03\/cuaderno-480x720.png 480w\" sizes=\"(min-width: 0px) and (max-width: 480px) 480px, (min-width: 481px) and (max-width: 980px) 980px, (min-width: 981px) 1024px, 100vw\" class=\"wp-image-629\" \/><\/span><\/div>\n<\/div>\n\n<div class=\"et_pb_column_12 et_pb_column et-last-child et_flex_column et_pb_css_mix_blend_mode_passthrough et_flex_column_18_24 et_flex_column_18_24_tablet et_flex_column_24_24_phone\">\n<div class=\"et_pb_text_10 et_pb_text et_pb_bg_layout_light et_pb_module et_flex_module preset--module--divi-text--default\"><div class=\"et_pb_text_inner\"><h2>\u00bfQu\u00e9 me encuentro habitualmente en consulta?<\/h2>\n<\/div><\/div>\n\n<div class=\"et_pb_text_11 et_pb_text et_pb_bg_layout_light et_pb_module et_flex_module preset--module--divi-text--default\"><div class=\"et_pb_text_inner\"><p>En consulta suelen aparecer personas que conviven con s\u00edntomas f\u00edsicos, tristeza, miedo, ansiedad o pensamientos negativos sobre s\u00ed mismas y sobre el mundo. Muchas sienten que est\u00e1n atrapadas en circuitos que se repiten y de los que no ven salida.<\/p>\n<p>Tambi\u00e9n llegan personas con malestar laboral, sensaci\u00f3n de saturaci\u00f3n emocional, dificultades en la pareja, patrones que se repiten en sus relaciones o familias donde la comunicaci\u00f3n se ha ido deteriorando con el tiempo. En ocasiones, peque\u00f1os cambios en la forma de comunicarse, de vincularse o de sostener ciertos l\u00edmites generan transformaciones importantes en la vida diaria.<\/p>\n<p>Otras veces, el sistema nervioso est\u00e1 tan saturado que cuesta ver alternativas o encontrar recursos para llegar a ellas. Precisamente por eso, el trabajo terap\u00e9utico busca comprender lo que ocurre, regular el malestar y abrir nuevas posibilidades de cambio.<\/p>\n<\/div><\/div>\n<\/div>\n<\/div>\n<\/div>","protected":false},"excerpt":{"rendered":"","protected":false},"author":1,"featured_media":0,"parent":0,"menu_order":0,"comment_status":"closed","ping_status":"closed","template":"","meta":{"footnotes":""},"class_list":["post-570","page","type-page","status-publish","hentry"],"yoast_head":"<!-- This site is optimized with the Yoast SEO plugin v27.3 - https:\/\/yoast.com\/product\/yoast-seo-wordpress\/ -->\n<title>Inicio - Ana Andr\u00e9s Psic\u00f3loga en Valladolid<\/title>\n<meta name=\"robots\" content=\"index, follow, max-snippet:-1, max-image-preview:large, max-video-preview:-1\" \/>\n<link rel=\"canonical\" href=\"https:\/\/anaanpsicoterapia.es\/en\/\" \/>\n<meta property=\"og:locale\" content=\"en_US\" \/>\n<meta property=\"og:type\" content=\"article\" \/>\n<meta property=\"og:title\" content=\"Inicio - Ana Andr\u00e9s Psic\u00f3loga en Valladolid\" \/>\n<meta property=\"og:url\" content=\"https:\/\/anaanpsicoterapia.es\/en\/\" \/>\n<meta property=\"og:site_name\" content=\"Ana Andr\u00e9s Psic\u00f3loga en Valladolid\" \/>\n<meta property=\"article:modified_time\" content=\"2026-04-10T23:58:13+00:00\" \/>\n<meta name=\"twitter:card\" content=\"summary_large_image\" \/>\n<script type=\"application\/ld+json\" class=\"yoast-schema-graph\">{\"@context\":\"https:\\\/\\\/schema.org\",\"@graph\":[{\"@type\":\"WebPage\",\"@id\":\"https:\\\/\\\/anaanpsicoterapia.es\\\/\",\"url\":\"https:\\\/\\\/anaanpsicoterapia.es\\\/\",\"name\":\"Inicio - Ana Andr\u00e9s Psic\u00f3loga en Valladolid\",\"isPartOf\":{\"@id\":\"https:\\\/\\\/anaanpsicoterapia.es\\\/#website\"},\"datePublished\":\"2026-03-11T01:08:24+00:00\",\"dateModified\":\"2026-04-10T23:58:13+00:00\",\"breadcrumb\":{\"@id\":\"https:\\\/\\\/anaanpsicoterapia.es\\\/#breadcrumb\"},\"inLanguage\":\"en-US\",\"potentialAction\":[{\"@type\":\"ReadAction\",\"target\":[\"https:\\\/\\\/anaanpsicoterapia.es\\\/\"]}]},{\"@type\":\"BreadcrumbList\",\"@id\":\"https:\\\/\\\/anaanpsicoterapia.es\\\/#breadcrumb\",\"itemListElement\":[{\"@type\":\"ListItem\",\"position\":1,\"name\":\"Portada\",\"item\":\"https:\\\/\\\/anaanpsicoterapia.es\\\/\"},{\"@type\":\"ListItem\",\"position\":2,\"name\":\"Inicio\"}]},{\"@type\":\"WebSite\",\"@id\":\"https:\\\/\\\/anaanpsicoterapia.es\\\/#website\",\"url\":\"https:\\\/\\\/anaanpsicoterapia.es\\\/\",\"name\":\"Ana Andr\u00e9s Psic\u00f3loga en Valladolid\",\"description\":\"Terapia individual, de pareja y familiar. Especialista en trauma y EMDR.\",\"publisher\":{\"@id\":\"https:\\\/\\\/anaanpsicoterapia.es\\\/#organization\"},\"potentialAction\":[{\"@type\":\"SearchAction\",\"target\":{\"@type\":\"EntryPoint\",\"urlTemplate\":\"https:\\\/\\\/anaanpsicoterapia.es\\\/?s={search_term_string}\"},\"query-input\":{\"@type\":\"PropertyValueSpecification\",\"valueRequired\":true,\"valueName\":\"search_term_string\"}}],\"inLanguage\":\"en-US\"},{\"@type\":\"Organization\",\"@id\":\"https:\\\/\\\/anaanpsicoterapia.es\\\/#organization\",\"name\":\"Ana Andr\u00e9s Psic\u00f3loga en Valladolid\",\"url\":\"https:\\\/\\\/anaanpsicoterapia.es\\\/\",\"logo\":{\"@type\":\"ImageObject\",\"inLanguage\":\"en-US\",\"@id\":\"https:\\\/\\\/anaanpsicoterapia.es\\\/#\\\/schema\\\/logo\\\/image\\\/\",\"url\":\"https:\\\/\\\/anaanpsicoterapia.es\\\/wp-content\\\/uploads\\\/2026\\\/03\\\/logo_anaan_transparente-1.png\",\"contentUrl\":\"https:\\\/\\\/anaanpsicoterapia.es\\\/wp-content\\\/uploads\\\/2026\\\/03\\\/logo_anaan_transparente-1.png\",\"width\":478,\"height\":211,\"caption\":\"Ana Andr\u00e9s Psic\u00f3loga en Valladolid\"},\"image\":{\"@id\":\"https:\\\/\\\/anaanpsicoterapia.es\\\/#\\\/schema\\\/logo\\\/image\\\/\"}}]}<\/script>\n<!-- \/ Yoast SEO plugin. -->","yoast_head_json":{"title":"Inicio - Ana Andr\u00e9s Psic\u00f3loga en Valladolid","robots":{"index":"index","follow":"follow","max-snippet":"max-snippet:-1","max-image-preview":"max-image-preview:large","max-video-preview":"max-video-preview:-1"},"canonical":"https:\/\/anaanpsicoterapia.es\/en\/","og_locale":"en_US","og_type":"article","og_title":"Inicio - Ana Andr\u00e9s Psic\u00f3loga en Valladolid","og_url":"https:\/\/anaanpsicoterapia.es\/en\/","og_site_name":"Ana Andr\u00e9s Psic\u00f3loga en Valladolid","article_modified_time":"2026-04-10T23:58:13+00:00","twitter_card":"summary_large_image","schema":{"@context":"https:\/\/schema.org","@graph":[{"@type":"WebPage","@id":"https:\/\/anaanpsicoterapia.es\/","url":"https:\/\/anaanpsicoterapia.es\/","name":"Inicio - Ana Andr\u00e9s Psic\u00f3loga en Valladolid","isPartOf":{"@id":"https:\/\/anaanpsicoterapia.es\/#website"},"datePublished":"2026-03-11T01:08:24+00:00","dateModified":"2026-04-10T23:58:13+00:00","breadcrumb":{"@id":"https:\/\/anaanpsicoterapia.es\/#breadcrumb"},"inLanguage":"en-US","potentialAction":[{"@type":"ReadAction","target":["https:\/\/anaanpsicoterapia.es\/"]}]},{"@type":"BreadcrumbList","@id":"https:\/\/anaanpsicoterapia.es\/#breadcrumb","itemListElement":[{"@type":"ListItem","position":1,"name":"Portada","item":"https:\/\/anaanpsicoterapia.es\/"},{"@type":"ListItem","position":2,"name":"Inicio"}]},{"@type":"WebSite","@id":"https:\/\/anaanpsicoterapia.es\/#website","url":"https:\/\/anaanpsicoterapia.es\/","name":"Ana Andr\u00e9s Psic\u00f3loga en Valladolid","description":"Terapia individual, de pareja y familiar. Especialista en trauma y EMDR.","publisher":{"@id":"https:\/\/anaanpsicoterapia.es\/#organization"},"potentialAction":[{"@type":"SearchAction","target":{"@type":"EntryPoint","urlTemplate":"https:\/\/anaanpsicoterapia.es\/?s={search_term_string}"},"query-input":{"@type":"PropertyValueSpecification","valueRequired":true,"valueName":"search_term_string"}}],"inLanguage":"en-US"},{"@type":"Organization","@id":"https:\/\/anaanpsicoterapia.es\/#organization","name":"Ana Andr\u00e9s Psic\u00f3loga en Valladolid","url":"https:\/\/anaanpsicoterapia.es\/","logo":{"@type":"ImageObject","inLanguage":"en-US","@id":"https:\/\/anaanpsicoterapia.es\/#\/schema\/logo\/image\/","url":"https:\/\/anaanpsicoterapia.es\/wp-content\/uploads\/2026\/03\/logo_anaan_transparente-1.png","contentUrl":"https:\/\/anaanpsicoterapia.es\/wp-content\/uploads\/2026\/03\/logo_anaan_transparente-1.png","width":478,"height":211,"caption":"Ana Andr\u00e9s Psic\u00f3loga en Valladolid"},"image":{"@id":"https:\/\/anaanpsicoterapia.es\/#\/schema\/logo\/image\/"}}]}},"_links":{"self":[{"href":"https:\/\/anaanpsicoterapia.es\/en\/wp-json\/wp\/v2\/pages\/570","targetHints":{"allow":["GET"]}}],"collection":[{"href":"https:\/\/anaanpsicoterapia.es\/en\/wp-json\/wp\/v2\/pages"}],"about":[{"href":"https:\/\/anaanpsicoterapia.es\/en\/wp-json\/wp\/v2\/types\/page"}],"author":[{"embeddable":true,"href":"https:\/\/anaanpsicoterapia.es\/en\/wp-json\/wp\/v2\/users\/1"}],"replies":[{"embeddable":true,"href":"https:\/\/anaanpsicoterapia.es\/en\/wp-json\/wp\/v2\/comments?post=570"}],"version-history":[{"count":3,"href":"https:\/\/anaanpsicoterapia.es\/en\/wp-json\/wp\/v2\/pages\/570\/revisions"}],"predecessor-version":[{"id":763,"href":"https:\/\/anaanpsicoterapia.es\/en\/wp-json\/wp\/v2\/pages\/570\/revisions\/763"}],"wp:attachment":[{"href":"https:\/\/anaanpsicoterapia.es\/en\/wp-json\/wp\/v2\/media?parent=570"}],"curies":[{"name":"wp","href":"https:\/\/api.w.org\/{rel}","templated":true}]}}